{"id":1149,"date":"2021-06-14T22:23:29","date_gmt":"2021-06-14T20:23:29","guid":{"rendered":"http:\/\/elazega.fr\/?page_id=1149"},"modified":"2021-06-14T22:26:09","modified_gmt":"2021-06-14T20:26:09","slug":"textes-publies-articles-et-chapitres-a-partir-de-lenquete-1999-2000-sur-les-reseaux-multiniveaux-des-chercheurs-multipublieurs-de-la-recherche-francaise-sur-le-cancer-disponibles-sous","status":"publish","type":"page","link":"http:\/\/elazega.fr\/?page_id=1149","title":{"rendered":"Multilevel networks of French cancer researchers (ARC study)"},"content":{"rendered":"\n<p>Textes publi\u00e9s (articles et chapitres) \u00e0 partir de l\u2019enqu\u00eate 1999-2000 sur les r\u00e9seaux multiniveaux des chercheurs &#8220;multipublieurs&#8221; de la recherche fran\u00e7aise sur le cancer, disponibles sous forme de fichiers pdf t\u00e9l\u00e9chargeables.<\/p>\n\n\n\n<p>Published texts (articles and chapters) based on the 1999-2000 multilevel network study of the &#8220;multipublishers&#8221; in French cancer research, downloadable as pdf files.<\/p>\n\n\n\n<p><\/p>\n\n\n\n<p><\/p>\n\n\n\n<p>Lazega, E. (2020), <a href=\"https:\/\/www.e-elgar.com\/shop\/gbp\/bureaucracy-collegiality-and-social-change-9781839102363.html\"><em>Bureaucracy, Collegiality and Social Change: Redefining Organizations with Multilevel Relational Infrastructures<\/em><\/a>, Cheltenham: Edward Elgar Publishers, 2020.<\/p>\n\n\n\n<p>Lazega, E. &amp; Snijders, Tom A.B. (eds)(2016),&nbsp; <em>Multilevel Network Analysis for the Social Sciences: Theory, Methods and Applications<\/em>,&nbsp; Springer, Methodos Series. <a href=\"http:\/\/elazega.fr\/wp-content\/uploads\/2012\/10\/MLNA-Springer-book-2016.pdf\" target=\"_blank\" rel=\"noreferrer noopener\">Introduction<\/a><\/p>\n\n\n\n<h5 class=\"wp-block-heading\">Lazega, E. (2021), \u201cVisualizing Multilevel Networks for the Analysis of Superposed Levels of Collective Agency\u201d, <em>Connections<\/em>, <a href=\"https:\/\/www.exeley.com\/connections\/doi\/10.21307\/connections-2019.019\" target=\"_blank\" rel=\"noreferrer noopener\">https:\/\/www.exeley.com\/connections\/doi\/10.21307\/connections-2019.019<\/a>.<\/h5>\n\n\n\n<h5 class=\"wp-block-heading\">Lazega, E., Avner Bar-Hen, Pierre Barbillon, Sophie Donnet (2016), \u201c<a href=\"http:\/\/elazega.fr\/wp-content\/uploads\/2012\/10\/Competition-and-learning-Social-Networks-2016.pdf\" target=\"_blank\" rel=\"noreferrer noopener\"><strong>Effects of competition on collective learning<\/strong><\/a> in advice networks\u201d, <em>Social Networks, <\/em>47:1\u201314<\/h5>\n\n\n\n<h5 class=\"wp-block-heading\">Barbillon, Pierre, Donnet, Sophie, Lazega E. &amp; Bar-Hen, Avner (2016), \u201c<a href=\"http:\/\/elazega.fr\/wp-content\/uploads\/2012\/10\/SBM-Multiplex-Multilevel-JRSS-2016.pdf\" target=\"_blank\" rel=\"noreferrer noopener\"><strong>Stochastic block-models for multiplex networks<\/strong><\/a>: An application to a multilevel network of researchers\u201d, <em>Journal of the Royal Statistical Society, <\/em>Series A<\/h5>\n\n\n\n<h5 class=\"wp-block-heading\">Lazega, E. &amp; Jourda, M.-Th. (2016), \u201cThe <a href=\"http:\/\/elazega.fr\/wp-content\/uploads\/2012\/10\/Structural-Wings.pdf\" target=\"_blank\" rel=\"noreferrer noopener\"><strong>Structural Wings<\/strong><\/a><strong> of Matthew Effects:<\/strong> The Contribution of Three-Level Network Data to the Analysis of Cumulative Advantage\u201d, <em>Methodological Innovation Online, <\/em>9: 1\u201313<\/h5>\n\n\n\n<h5 class=\"wp-block-heading\">Wang, Peng, Robins, Garry, Pattison, Philippa, Lazega, E. (2016), \u201c<a href=\"http:\/\/elazega.fr\/wp-content\/uploads\/2012\/10\/mlssm.pdf\">Social Selection Models for Multilevel Networks<\/a>\u201c, <em>Social Networks,<\/em> 44:346\u2013362<\/h5>\n\n\n\n<h5 class=\"wp-block-heading\">Lazega, E., Jourda, Marie-Th\u00e9r\u00e8se, Mounier, Lise (2013), \u201c<a href=\"http:\/\/elazega.fr\/wp-content\/uploads\/2019\/11\/Network-Lift-from-Dual-Alters.pdf\"><strong>Network Lift from Dual Alters<\/strong><\/a>: Extended Opportunity Structures from a Multilevel and Structural Perspective\u201d, <em>European Sociological Review,&nbsp;<\/em>29:1226-1238<\/h5>\n\n\n\n<h5 class=\"wp-block-heading\">Wang, Peng, Robins, Garry, Pattison, Philippa, Lazega, E. (2013), \u201c<a href=\"http:\/\/elazega.fr\/wp-content\/uploads\/2012\/10\/MultilevelERGMSocialNetworks-1.pdf\" target=\"_blank\" rel=\"noreferrer noopener\"><strong>Exponential random graph models for multilevel networks<\/strong><\/a>\u201c, <em>Social Networks<\/em>, 35:96-115<\/h5>\n\n\n\n<h5 class=\"wp-block-heading\">Brailly, Julien et E.Lazega (2012), \u201c<a href=\"http:\/\/elazega.fr\/wp-content\/uploads\/2012\/10\/Brailly-Lazega-MSH-2012.pdf\" target=\"_blank\" rel=\"noreferrer noopener\">Diversit\u00e9 des approches de la mod\u00e9lisation multiniveaux en analyses de r\u00e9seaux sociaux et organisationnels<\/a> \u201d , <em>Math\u00e9matiques et Sciences Humaines<\/em>, 198:5-32<\/h5>\n\n\n\n<h5 class=\"wp-block-heading\">Barr\u00e9, Germain, Jourda, Marie-Th\u00e9r\u00e8se et Lazega, E. (2012), \u201cPerformance et relations de conseil&nbsp;: comment la structure relationnelle d\u2019une \u00ab&nbsp;\u00e9lite&nbsp;\u00bb de chercheurs fran\u00e7ais en canc\u00e9rologie a conditionn\u00e9 leur progression entre 1999-2001 et 1996-1998\u201d, <em>The Canadian Review of Sociology<\/em>. 49:292-315<\/h5>\n\n\n\n<h5 class=\"wp-block-heading\">Lazega, E., Jourda, Marie-Th\u00e9r\u00e8se, Mounier, Lise et Stofer, Rafa\u00ebl (2008), \u201c<a href=\"http:\/\/elazega.fr\/wp-content\/uploads\/2012\/10\/Fish-Pond-SocialNetworks2008.pdf\" target=\"_blank\" rel=\"noreferrer noopener\"><strong>Catching up with big fish in the big pond ? <\/strong><strong>Multi-level network analysis<\/strong> through linked design<\/a>\u201c, <em>Social Networks<\/em>, 30:157-176<\/h5>\n\n\n\n<h5 class=\"wp-block-heading\">Lazega, E., Jourda, Marie-Th\u00e9r\u00e8se, Mounier, Lise et Stofer, Rafa\u00ebl (2007),&nbsp;\u201c<a href=\"http:\/\/elazega.fr\/wp-content\/uploads\/2021\/04\/Des-poissons-et-des-mares-Reseaux-multiniveaux-RFS-2007.pdf\"><strong>Des poissons et des mares<\/strong><\/a>: l\u2019analyse de r\u00e9seaux multi-niveaux\u201d, <em>Revue fran\u00e7aise de sociologie<\/em>, 48:93-131<a href=\"http:\/\/elazega.fr\/publications\/poissons-mares%202007.pdf\"><br><\/a><\/h5>\n\n\n\n<h5 class=\"wp-block-heading\">Lazega, E., Lise Mounier, Marie-Th\u00e9r\u00e8se Jourda et Rafa\u00ebl Stofer (2006), \u201c<a href=\"http:\/\/elazega.fr\/wp-content\/uploads\/2012\/10\/Scmtx2006.pdf\" target=\"_blank\" rel=\"noreferrer noopener\"><strong>Organizational vs. personal social capital in scientistsperformance<\/strong><\/a> : A multi-level network study of elite French cancer researchers (1996-1998)\u201d, <em>Scientometrics<\/em>, 67:27-44<\/h5>\n\n\n\n<h5 class=\"wp-block-heading\">Lazega, Emmanuel, Lise Mounier, Rafa\u00ebl Stofer et Alain Tripier (2004), \u201c<a href=\"http:\/\/elazega.fr\/wp-content\/uploads\/2012\/10\/DSDSLazegaal2004.pdf\" target=\"_blank\" rel=\"noreferrer noopener\"><strong>Discipline scientifique et discipline sociale<\/strong><\/a> : R\u00e9seaux de conseil, apprentissage collectif et innovation dans la recherche fran\u00e7aise sur le cancer (1997-1999)\u201d, <em>Recherches Sociologiques<\/em>, 35:3-27<\/h5>\n\n\n\n<h5 class=\"wp-block-heading\">Lazega, E. (1994), \u201c<a href=\"http:\/\/elazega.fr\/wp-content\/uploads\/2012\/10\/LazegaRFS1994.pdf\" target=\"_blank\" rel=\"noreferrer noopener\"><strong>Analyse de r\u00e9seaux et sociologie des organisations<\/strong><\/a>\u201c, <em>Revue Fran\u00e7aise de Sociologie<\/em>, 35:293-320<\/h5>\n\n\n\n<h5 class=\"wp-block-heading\">Lazega, E. (2016), \u201c<a href=\"http:\/\/elazega.fr\/wp-content\/uploads\/2012\/10\/Lazega_Synchronization_2015.pdf\" target=\"_blank\" rel=\"noreferrer noopener\"><strong>Synchronization costs<\/strong><\/a> in the organizational society: Intermediary relational infrastructures in the dynamics of multilevel networks\u201d&nbsp;in E.Lazega &amp; T.A.B.Snijders (eds), <em>Multilevel Network Analysis for the Social Sciences: Theory, Methods and Applications<\/em>, Dordrecht: Springer<\/h5>\n\n\n\n<h5 class=\"wp-block-heading\">Tranmer, Mark and E.Lazega (2016), \u201c<a href=\"http:\/\/elazega.fr\/wp-content\/uploads\/2012\/10\/MLNA-Springer-book-2016-1.pdf\" target=\"_blank\" rel=\"noreferrer noopener\">Multilevel Models for Multilevel Network Dependencies<\/a>\u201c, in E.Lazega and T.Snijders (eds), <em>Multilevel Network Analysis for the Social Sciences: Theory, Methods and Applications<\/em>, Dordrecht: Springer<\/h5>\n\n\n\n<h5 class=\"wp-block-heading\">\u017diberna, Ale\u0161 and Lazega, E. (2016), \u201cRole sets and division of work at two levels of collective agency: The case of <a href=\"http:\/\/elazega.fr\/wp-content\/uploads\/2012\/10\/MLNA-Springer-book-2016-1.pdf\" target=\"_blank\" rel=\"noreferrer noopener\">blockmodeling a multilevel<\/a> (inter-individual and inter-organizational) network\u201d, in E.Lazega and T.Snijders (eds), <em>Multilevel Network Analysis for the Social Sciences: Theory, Methods and Applications<\/em>, Dordrecht: Springer<\/h5>\n\n\n\n<h5 class=\"wp-block-heading\">Lazega, Emmanuel, Mounier, Lise et Jourda, Marie-Th\u00e9r\u00e8se (2006), \u201cCapital social et performance scientifique : Une \u00e9tude de r\u00e9seaux multi-niveaux de la recherche fran\u00e7aise sur le cancer (1996-1999)\u201d, in Josep A. Rodriguez (ed.), Sociologia para el futuro, Barcelona, Icaria.<\/h5>\n\n\n\n<p><\/p>\n","protected":false},"excerpt":{"rendered":"<p>Textes publi\u00e9s (articles et chapitres) \u00e0 partir de l\u2019enqu\u00eate 1999-2000 sur les r\u00e9seaux multiniveaux des chercheurs &#8220;multipublieurs&#8221; de la recherche fran\u00e7aise sur le cancer, disponibles sous forme de fichiers pdf t\u00e9l\u00e9chargeables. Published texts (articles and chapters) based on the 1999-2000 multilevel network study of the &#8220;multipublishers&#8221; in French cancer research, downloadable as pdf files. Lazega, &#8230; <a title=\"Multilevel networks of French cancer researchers (ARC study)\" class=\"read-more\" href=\"http:\/\/elazega.fr\/?page_id=1149\" aria-label=\"More on Multilevel networks of French cancer researchers (ARC study)\">Read more<\/a><\/p>\n","protected":false},"author":1,"featured_media":0,"parent":0,"menu_order":0,"comment_status":"closed","ping_status":"closed","template":"","meta":[],"_links":{"self":[{"href":"http:\/\/elazega.fr\/index.php?rest_route=\/wp\/v2\/pages\/1149"}],"collection":[{"href":"http:\/\/elazega.fr\/index.php?rest_route=\/wp\/v2\/pages"}],"about":[{"href":"http:\/\/elazega.fr\/index.php?rest_route=\/wp\/v2\/types\/page"}],"author":[{"embeddable":true,"href":"http:\/\/elazega.fr\/index.php?rest_route=\/wp\/v2\/users\/1"}],"replies":[{"embeddable":true,"href":"http:\/\/elazega.fr\/index.php?rest_route=%2Fwp%2Fv2%2Fcomments&post=1149"}],"version-history":[{"count":3,"href":"http:\/\/elazega.fr\/index.php?rest_route=\/wp\/v2\/pages\/1149\/revisions"}],"predecessor-version":[{"id":1152,"href":"http:\/\/elazega.fr\/index.php?rest_route=\/wp\/v2\/pages\/1149\/revisions\/1152"}],"wp:attachment":[{"href":"http:\/\/elazega.fr\/index.php?rest_route=%2Fwp%2Fv2%2Fmedia&parent=1149"}],"curies":[{"name":"wp","href":"https:\/\/api.w.org\/{rel}","templated":true}]}}