{"id":609,"date":"2018-03-29T12:49:45","date_gmt":"2018-03-29T10:49:45","guid":{"rendered":"http:\/\/elazega.fr\/?page_id=609"},"modified":"2024-12-11T16:47:13","modified_gmt":"2024-12-11T15:47:13","slug":"datasets","status":"publish","type":"page","link":"http:\/\/elazega.fr\/?page_id=609","title":{"rendered":"Datasets"},"content":{"rendered":"\n<p><strong>The Collegial phenomenon&nbsp;: The social mechanisms of cooperation among peers in a corporate law firm<\/strong><\/p>\n\n\n\n<p><a href=\"http:\/\/elazega.fr\/wp-content\/uploads\/2018\/03\/Lawfirm-data.zip\"><strong>Lawfirm dataset<\/strong><\/a> available for social network analyses: \u00a0\u00a0\u00a0 <img loading=\"lazy\" decoding=\"async\" width=\"88\" height=\"31\" class=\"alignnone size-full wp-image-611\" src=\"http:\/\/elazega.fr\/wp-content\/uploads\/2018\/03\/88x31.png\" alt=\"\"><\/p>\n\n\n\n<p><a href=\"https:\/\/data.sciencespo.fr\/dataverse\/Collegiality_Lawfirm_Network_Dataset\">https:\/\/data.sciencespo.fr\/dataverse\/Collegiality_Lawfirm_Network_Dataset<\/a><\/p>\n\n\n\n<p>This Sciences po repository includes the data and archives but also the SAS programs originally used for the analyses with collaborators in the 1990&#8217;s.<\/p>\n\n\n\n<p>R scripts to redo some of the analyses (for examples analyses presented in <a href=\"http:\/\/elazega.fr\/wp-content\/uploads\/2021\/01\/Script-R-QSJ-Reseaux-sociaux-Chapitre-2.txt\">Chap 2<\/a> of QSJ? <em>R\u00e9seaux sociaux et structures relationnelles<\/em>and  using some of the data as examples) available on this site. <strong>More complete databases and SAS programs <\/strong>used in the main publications linked to this project are available at the institutional archives of Sciences Po, the Centre de Donn\u00e9es Socio-Politiques, here: <a href=\"https:\/\/data.sciencespo.fr\/\"><strong>https:\/\/data.sciencespo.fr\/<\/strong><\/a>. Search using keywords such as, for example, SG&amp;R or Lazega.<\/p>\n\n\n\n<p><em>R\u00e9sum\u00e9 du contenu \/ summary of contents<br><\/em><\/p>\n\n\n\n<p>L&#8217;objectif de cette enqu\u00eate \u00e9tait de faire \u00e9voluer la sociologie des organisations en proposant et v\u00e9rifiant empiriquement une nouvelle th\u00e9orie de l&#8217;action collective entre pairs, une forme d&#8217;organisation coll\u00e9giale, non bureaucratique, qui doit s&#8217;appuyer sur des infrastructures relationnelles personnalis\u00e9es pour fonctionner. Aux donn\u00e9es de r\u00e9seaux sociaux, d&#8217;attributs, de choix de leviers, de choix normatifs entre les 71 avocats du cabinet (parfois seulement entre les 36 associ\u00e9s) s&#8217;ajoutent, en 1996, deux documents indisponibles auparavant (le contrat d&#8217;association en vigueur en 1991 &#8211; au moment de l&#8217;enqu\u00eate r\u00e9seaux &#8211; et les donn\u00e9es comptables sur la performance \u00e9conomique de tous les avocats du cabinet en 1990 et 1991). Les principaux r\u00e9sultats obtenus gr\u00e2ce \u00e0 ces donn\u00e9es ont \u00e9t\u00e9 publi\u00e9s par E. Lazega sous la forme d&#8217;articles, puis d&#8217;un livre synth\u00e9tique, The Collegial Phenomenon: The Social Mechanisms of Cooperation among Peers in a Corporate Law Partnership, Oxford UP, 2001.<\/p>\n\n\n\n<p>Scripts R pour refaire quelques unes des analyses (notamment celles du<a href=\"http:\/\/elazega.fr\/wp-content\/uploads\/2021\/01\/Script-R-QSJ-Reseaux-sociaux-Chapitre-2.txt\"> Chap 2<\/a> du QSJ? <em>R\u00e9seaux sociaux et structures relationnelles <\/em>qui utilise une partie de ces donn\u00e9es comme exemples) disponibles sur ce m\u00eame site. Une base de donn\u00e9es plus compl\u00e8te est d\u00e9pos\u00e9e et mise \u00e0 disposition au Centre de Donn\u00e9es Socio-Politiques de Sciences Po: <a href=\"https:\/\/data.sciencespo.fr\/\">https:\/\/data.sciencespo.fr\/<\/a>. Recherche par mots-cl\u00e9. Par exemple SG&amp;R ou Lazega. Donn\u00e9es et programmes SAS utilis\u00e9s pour les principales publications li\u00e9es \u00e0 ce projet.<\/p>\n\n\n\n<p>The purpose of this research project (carried out 1988-1991) was to contribute to the sociology of organizations by proposing and exemplifying a new theory of collective action among rival peers, a form of collegial (which does not mean congenial), non-bureaucratic organization that produces collective innovation and must rely on deliberation and personalized relational infrastructures to operate. In addition to data on social networks (collaboration, advice and \u201cfriendship\u201d) among the 71 lawyers in the firm (sometimes only among the 36 partners), the dataset also includes the following: socio-demographic attributes, choices of levers in pressuring partners back to good order (lateral control regime), normative controversies and choices leading to a new neo-structural approach to institutional entrepreneurship. Two previously unavailable documents were added in 1996 (the partnership agreement <em>en vigueur<\/em> in 1991 &#8211; at the time of the network survey &#8211; and accounting data on the economic performance of all the lawyers in the firm in 1990 and 1991). The main results obtained from this research project were published in the form of articles, and then in a synthesis, <em>The Collegial Phenomenon<\/em>, in 2001.<\/p>\n\n\n\n<p>The following book is based on this dataset: Lazega, Emmanuel (2001), <em>The Collegial Phenomenon: The Social Mechanisms of Cooperation among Peers in a Corporate Law Partnership<\/em>, Oxford: Oxford University Press.<\/p>\n\n\n\n<p>R scripts to redo some of the analyses (for examples analyses presented in <a href=\"http:\/\/elazega.fr\/wp-content\/uploads\/2021\/01\/Script-R-QSJ-Reseaux-sociaux-Chapitre-2.txt\">Chap 2<\/a> of QSJ? <em>R\u00e9seaux sociaux et structures relationnelles<\/em>and  using some of the data as examples) available on this site. <strong>More complete databases and SAS programs <\/strong>used in the main publications linked to this project are available at the institutional archives of Sciences Po, the Centre de Donn\u00e9es Socio-Politiques, here: <a href=\"https:\/\/data.sciencespo.fr\/\"><strong>https:\/\/data.sciencespo.fr\/<\/strong><\/a>. Search using keywords such as, for example, SG&amp;R or Lazega.<\/p>\n","protected":false},"excerpt":{"rendered":"<p>The Collegial phenomenon&nbsp;: The social mechanisms of cooperation among peers in a corporate law firm Lawfirm dataset available for social network analyses: \u00a0\u00a0\u00a0 https:\/\/data.sciencespo.fr\/dataverse\/Collegiality_Lawfirm_Network_Dataset This Sciences po repository includes the data and archives but also the SAS programs originally used for the analyses with collaborators in the 1990&#8217;s. R scripts to redo some of the &#8230; <a title=\"Datasets\" class=\"read-more\" href=\"http:\/\/elazega.fr\/?page_id=609\" aria-label=\"More on Datasets\">Read more<\/a><\/p>\n","protected":false},"author":1,"featured_media":0,"parent":0,"menu_order":0,"comment_status":"closed","ping_status":"closed","template":"","meta":{"footnotes":""},"_links":{"self":[{"href":"http:\/\/elazega.fr\/index.php?rest_route=\/wp\/v2\/pages\/609"}],"collection":[{"href":"http:\/\/elazega.fr\/index.php?rest_route=\/wp\/v2\/pages"}],"about":[{"href":"http:\/\/elazega.fr\/index.php?rest_route=\/wp\/v2\/types\/page"}],"author":[{"embeddable":true,"href":"http:\/\/elazega.fr\/index.php?rest_route=\/wp\/v2\/users\/1"}],"replies":[{"embeddable":true,"href":"http:\/\/elazega.fr\/index.php?rest_route=%2Fwp%2Fv2%2Fcomments&post=609"}],"version-history":[{"count":11,"href":"http:\/\/elazega.fr\/index.php?rest_route=\/wp\/v2\/pages\/609\/revisions"}],"predecessor-version":[{"id":1651,"href":"http:\/\/elazega.fr\/index.php?rest_route=\/wp\/v2\/pages\/609\/revisions\/1651"}],"wp:attachment":[{"href":"http:\/\/elazega.fr\/index.php?rest_route=%2Fwp%2Fv2%2Fmedia&parent=609"}],"curies":[{"name":"wp","href":"https:\/\/api.w.org\/{rel}","templated":true}]}}