{"id":694,"date":"2018-12-01T16:40:29","date_gmt":"2018-12-01T15:40:29","guid":{"rendered":"http:\/\/elazega.fr\/?page_id=694"},"modified":"2024-07-12T19:05:50","modified_gmt":"2024-07-12T17:05:50","slug":"tribunal-de-commerce-de-paris","status":"publish","type":"page","link":"http:\/\/elazega.fr\/?page_id=694","title":{"rendered":"Tribunal de Commerce de Paris \/ Commercial Court of Paris"},"content":{"rendered":"<p>Textes publi\u00e9s (articles et chapitres) \u00e0 partir de l\u2019enqu\u00eate 2000-2005 sur le Tribunal de Commerce de Paris, disponibles sous forme de fichiers pdf t\u00e9l\u00e9chargeables:<\/p>\n<p>Published texts (articles and chapters) based on the 2000-2005 survey on the Commercial Court of Paris, downloadable as pdf files:<\/p>\n<ol>\n<li>\n<p>Lazega, E. (2024), &#8220;Jugements de pertinence et retournements casuistiques individuels&nbsp;: Approches n\u00e9o-structurale d\u2019une d\u00e9cision judiciaire&#8221;, in&nbsp;Patrick Castel et Marie-Emmanuelle Chessel (Dir.), <em>A la recherche de la d\u00e9cision&nbsp;: Etudes de cas en sciences sociales<\/em>, Lille, Presses Universitaires du Septentrion, p.139-155<\/p>\n<\/li>\n<li>Lazega, E. (2023), &#8220;<strong><a href=\"http:\/\/elazega.fr\/wp-content\/uploads\/2023\/11\/Borderline-institution-2023.pdf\">Borderline institution<\/a><\/strong>&#8220;, <em>Journal for the Theory of Social Behavior<\/em>, <a href=\"https:\/\/onlinelibrary.wiley.com\/doi\/epdf\/10.1111\/jtsb.12403\"><strong>Open access link: https:\/\/onlinelibrary.wiley.com\/doi\/epdf\/10.1111\/jtsb.12403<\/strong><\/a><\/li>\n<li>Tubaro, Paola, Lazega, E., Lise Mounier, Tom Snijders (forthcoming), &#8220;Dynamics of Advice-seeking Networks among Judges at the Commercial Court of Paris&#8221;, in <em>Social Network Dynamics by Examples<\/em>, Edited by Tom A.B. Snijders &amp; Christian E.G. Steglich, Cambridge University Press<\/li>\n<li>Lazega, E. (2018), \u201cNetworks and institutionalization: A neo-structural approach\u201d [<strong><a href=\"http:\/\/elazega.fr\/wp-content\/uploads\/2018\/05\/Networks-Institutionalization-Connections-2017-Lazega.pdf\">EUSN 2017 Keynote Address<\/a><\/strong>], <em>Connections<\/em>, 37:7-22<\/li>\n<li>Lazega, E., Mounier, Lise &amp; Lemaire, Sylvan (2017), \u00ab&nbsp;Financial pragmatism and bankers\u2019 politics: The duality of the <strong><a href=\"http:\/\/elazega.fr\/wp-content\/uploads\/2019\/03\/Politics-zombies-debate.pdf\">\u201cZombies\u201d debate<\/a><\/strong> in bankruptcy proceedings at the Commercial Court of Paris (2000-2005)&nbsp;\u00bb, in V.Boussart (ed), <em>Finance at Work, <\/em>Routledge<\/li>\n<li>Lazega, E. (2017), \u201c<a href=\"http:\/\/elazega.fr\/wp-content\/uploads\/2012\/10\/OMRT-as-context-Lazega-2017.pdf\"><strong>Organized Mobility and Relational Turnover<\/strong><\/a> as Context for Social Mechanisms: A Dynamic Invariant at the Heart of Stability from Movement\u201d. In J.Gl\u00fcckler, E.Lazega &amp; I.Hammer (Eds), <em>Knowledge and Networks<\/em>, Springer, Knowledge and Space series, Volume 11, Pp. 119-142. <a href=\"http:\/\/link.springer.com\/chapter\/10.1007\/978-3-319-45023-0_7\/fulltext.html\">http:\/\/link.springer.com\/chapter\/10.1007\/978-3-319-45023-0_7\/fulltext.html<\/a><\/li>\n<li>Lazega, E. (2016), \u201c<a href=\"http:\/\/elazega.fr\/wp-content\/uploads\/2012\/10\/Joint-Anormative-Regulation.pdf\"><strong>Joint \u2018anormative\u2019 regulation<\/strong><\/a> from status inconsistency: A multilevel spinning top model of specialized institutionalization\u201d, in Margaret S. Archer (ed.), <a href=\"http:\/\/elazega.fr\/wp-content\/uploads\/2012\/10\/Archer-2016-Morphogenesis-Crisis-Normativity.pdf\"><em>Morphogenesis and the Crisis of Normativity<\/em><\/a>, Springer, pages 169-190<\/li>\n<li>Lazega, E. (2015), \u201cMobilit\u00e9s, turnover relationnel et co\u00fbts de synchronisation: Comprendre l\u2019action collective par ses<a href=\"http:\/\/elazega.fr\/wp-content\/uploads\/2012\/10\/Lazega-AS-2015-Co\u00fbts-de-synchronisation.pdf\"><strong> infrastructures relationnelles<\/strong><\/a> dynamiques et multiniveaux\u201d, <em>Ann\u00e9e Sociologique<\/em>, 65:391-424<\/li>\n<li>Lazega, E. (2014), \u201c<a href=\"http:\/\/elazega.fr\/wp-content\/uploads\/2012\/10\/Lazega-AppropriatenessStructure-RSO-2014.pdf\"><strong>Appropriateness and Structure<\/strong><\/a> in Organizations: Secondary Socialization Through Dynamics of Advice Networks and Weak Culture\u201d, in Daniel J. Brass, Giuseppe (Joe) Labianca, Ajay Mehra, Daniel S. Halgin, and Stephen P. Borgatti (eds.), Volume on Contemporary Perspectives on Organizational Social Networks, <em>Research in the Sociology of Organizations<\/em>, 40:381-402<\/li>\n<li>Lazega, E., Lise Mounier, Tom Snijders and Paola Tubaro (2012), \u201c<a href=\"http:\/\/elazega.fr\/wp-content\/uploads\/2012\/10\/LMST-SN-2009.pdf\"><strong>Norms, status and the dynamics of advice networks<\/strong><\/a>\u201c, <em>Social Networks<\/em>, 34:323-332<\/li>\n<li>Lazega E, Sapulete S, Mounier L (2011).&nbsp;\u201c<a href=\"http:\/\/elazega.fr\/wp-content\/uploads\/2012\/10\/StabilityTurnoverQQ2009.pdf\"><strong>Structural stability regardless of membership turnover?<\/strong> <\/a>The added value of blockmodelling in the analysis of <strong>network evolution<\/strong>.\u201d <em>Quality &amp; Quantity<\/em>, 45:129-144<\/li>\n<li>Lazega, E. &amp; Mounier, Lise (2012) \u201cFinance in Public Service: Discreet<strong><a href=\"http:\/\/elazega.fr\/wp-content\/uploads\/2012\/10\/Finance-in-public-service-TCP-Institutional-capture.pdf\"> joint regulation as institutional capture <\/a><\/strong>at the Commercial Court of Paris\u201d, in Isabelle Huault &amp; Chrystelle Richard (eds),<em> Finance: The Discreet Regulator. How Financial Activities Shape and Transform the World<\/em>, London: Palgrave-Macmillan, Pages 164-189.<\/li>\n<li>Lazega, E., Lise Mounier (2012), <strong>\u201c<a href=\"http:\/\/elazega.fr\/wp-content\/uploads\/2012\/10\/Networks-of-Institutional-Capture-Lazega-Mounier-2012.pdf\">Networks of Institutional Capture<\/a><\/strong>\u201c, in Balazs Vedres &amp; Marco Scotti (Eds), <em>Networks in Social Policy Problems<\/em>, Cambridge University Press, pages 124-137<\/li>\n<li>Lazega, E., Mounier, Lise, Brandes, Ulrik (2011), &#8220;<a href=\"http:\/\/elazega.fr\/wp-content\/uploads\/2019\/02\/Entrepreneurs-institutionnels-et-d\u00e9tachement-organisationnel.pdf\"><strong>Entrepreneurs institutionnels et \u00ab&nbsp;d\u00e9tachement organisationnel&nbsp;\u00bb<\/strong><\/a> dans la r\u00e9gulation conjointe du monde des affaires&nbsp;: le cas des juges consulaires du Tribunal de Commerce de Paris&#8221;, in Ch.Bessy, Th.Delpeuch et J.P\u00e9lisse (eds), <em>Droit et r\u00e9gulations des activit\u00e9s \u00e9conomiques<\/em>, Paris, Editions L.G.D.<\/li>\n<li>Lazega, E. (2011), \u201cFour and Half Centuries of New (New) Law and Economics: <a href=\"http:\/\/elazega.fr\/wp-content\/uploads\/2012\/10\/450-NNLE-Lazega-in-Laws-environment-2011.pdf\"><strong>Legal Pragmatism<\/strong><\/a>, Discreet Joint Regulation and Institutional Capture at the Commercial Court of Paris\u201d, in Ubaldus de Vries &amp; Lyana Francot-Timmermans (eds), <em>Law\u2019s Environment: Critical legal perspectives<\/em>, The Hague, Eleven International Publishing, p.179-204<\/li>\n<li>Lazega, E., Lise Mounier &amp; Paola Tubaro (2011), \u201cNorms, advice networks and joint economic governance: the case of <a href=\"http:\/\/elazega.fr\/wp-content\/uploads\/2012\/10\/Lazega-Mounier-Tubaro-UGUR-.pdf\"><strong>conflicts among shareholders<\/strong><\/a> at the Commercial Court of Paris\u201d, in Mehmet Ugur &amp; David Sunderland (eds), <em>Does Economic Governance Matter? Governance Institutions and Outcomes<\/em>, Cheltenham, UK, Edward Elgar, Pp. 46-70.<\/li>\n<li>Lazega, E., Lise Mounier, Paola Tubaro (2010), \u201c<a href=\"http:\/\/elazega.fr\/wp-content\/uploads\/2012\/10\/Lazega-et-al-in-Zwirn@V2.pdf\"><strong>Dynamique des r\u00e9seaux sociaux et apprentissage collectif<\/strong><\/a><strong>:<\/strong> Le cas du Tribunal de Commerce de Paris\u201d in G\u00e9rard Weisbuch et Herv\u00e9 Zwirn (eds.), <em>Qu\u2019appelle-t-on aujourd\u2019hui les sciences de la complexit\u00e9? Langages, r\u00e9seaux, march\u00e9s, territoires<\/em>, Paris, Vuibert.<\/li>\n<li>Lazega, E., Lemaire, Sylvan et Lise Mounier (2010), \u00ab <a href=\"http:\/\/elazega.fr\/wp-content\/uploads\/2018\/12\/Prolonger-un-contrat-contre-la-volont\u00e9-dune-des-parties.pdf\"><strong>Prolonger un contrat contre la volont\u00e9 d&#8217;une des parties<\/strong><\/a> ? Un dilemme typique de l\u2019institution consulaire de contr\u00f4le social des march\u00e9s&nbsp;\u00bb, in Armand Hatchuel,&nbsp; Olivier Favereau et Franck Aggeri (eds.), <em>L&#8217;activit\u00e9 marchande sans le march\u00e9&nbsp;?<\/em> Paris, Presse des Mines.<\/li>\n<li>Lazega, E. (2010), \u201c<a href=\"http:\/\/elazega.fr\/wp-content\/uploads\/2019\/01\/Disciplining-a-combat-tank-manufacturer.pdf\"><strong>Disciplining a combat tank manufacturer?<\/strong><\/a> A tale of lay judges handling punitive claims for moral damages in business\u201d, in Nienke Doornbos, Nick Huls &amp; Wibo van Rossum (eds), <em>Liber Amicorum Prof. Dr. J.F.Bruinsma. Rechtspraak van buiten: Negenendertig door de rechtssociologie ge\u00efnspireerde annotaties, <\/em>Amsterdam, Kluwer, pp.169-176.<\/li>\n<li>Lazega, E. et Mounier, Lise (2009), \u00ab <a href=\"http:\/\/elazega.fr\/wp-content\/uploads\/2012\/10\/PolynormativiteDS2009.pdf\"><strong>Polynormativit\u00e9 et contr\u00f4le social du monde des affaires<\/strong><\/a> : le cas de l\u2019interventionnisme et de la punitivit\u00e9 des juges du Tribunal de Commerce de Paris \u00bb, <em>Droit et Soci\u00e9t\u00e9<\/em>, 71:103-132<\/li>\n<li>Lazega, E. (2009), \u201c<strong><a href=\"http:\/\/elazega.fr\/wp-content\/uploads\/2012\/10\/Lazega-RFSE-450-NNLE-Contr\u00f4le-social-des-march\u00e9s.pdf\">Quatre si\u00e8cles et demi de New (New) Law &amp; Economics<\/a> : du pragmatisme juridique<\/strong> dans le r\u00e9gime consulaire de <strong>contr\u00f4le social des march\u00e9s<\/strong>\u201c, <em>Revue Fran\u00e7aise de Socio-Economie<\/em>, 3:97-120<\/li>\n<li>Lazega, E., Lise Mounier, Tom Snijders et Paola Tubaro (2008), \u201c<strong><a href=\"http:\/\/elazega.fr\/wp-content\/uploads\/2012\/10\/LMST-RFS-2008.pdf\">R\u00e9seaux et controverses<\/a><\/strong>: De l\u2019effet des <strong>normes<\/strong> sur la <strong>dynamique des structures<\/strong>\u201c, <em>Revue fran\u00e7aise de sociologie<\/em>, 49:467-498<\/li>\n<li>Lazega, E. et Lise Mounier (2009), &#8220;La <a href=\"http:\/\/elazega.fr\/wp-content\/uploads\/2019\/02\/R\u00e9gime-consulaire-et-rh\u00e9torique-des-professions-lib\u00e9rales.pdf\"><strong>rh\u00e9torique des professions lib\u00e9rales au service de la privatisation de l\u2019\u00c9tat<\/strong><\/a>: le cas des juges consulaires du Tribunal de Commerce fran\u00e7ais&#8221;, in Didier Demaziere et Charles Gadea (eds), <em>Sociologie des groupes professionnels: Acquis r\u00e9cents et nouveaux d\u00e9fis<\/em>, Edition La D\u00e9couverte (collection <em>Recherches<\/em>), p.27-39<\/li>\n<li>Tubaro, Paola, Lazega, E. &amp; Mounier, Lise (2008), &#8220;Further explorations of the spinning top model for de dynamics of advice networks and collective learning&#8221;, in Marc Lecoutre et Pascal Li\u00e8vre (eds.), <em>Management et r\u00e9seaux sociaux<\/em>, Londres, Herm\u00e8s-Lavoisier<\/li>\n<li>Lazega, E. et Mounier, Lise (2008), &#8220;<a href=\"http:\/\/elazega.fr\/wp-content\/uploads\/2018\/12\/LazegaMounierPourHMLW-1.pdf\"><strong>Partage des comp\u00e9tences, <\/strong><\/a><strong><a href=\"http:\/\/elazega.fr\/wp-content\/uploads\/2018\/12\/LazegaMounierPourHMLW-1.pdf\">qu\u00eate de statut social<\/a><a href=\"http:\/\/elazega.fr\/wp-content\/uploads\/2018\/12\/LazegaMounierPourHMLW-1.pdf\"> et n\u00e9o-corporatisme<\/a> <\/strong>au Tribunal de Commerce de Paris&#8221;, in H\u00e9l\u00e8ne Michel et Laurent Willemez (eds), <em>La justice au risque du profane<\/em>, Paris, PUF, collection CURAPP.<\/li>\n<li>Rouchier, Juliette, Lazega, Emmanuel, Mounier, Lise (2007), \u201cArticulation of hierarchy and <strong><a href=\"http:\/\/elazega.fr\/wp-content\/uploads\/2012\/10\/RouchierLazegaMounier2005.pdf\">networks as an evolving social structure<\/a><\/strong>\u201c, in T.Terano, H.Kita, H.Deguchi, K.Kijima (eds.),<em> Agent-Based Approaches in Economic and Social Complex Systems IV<\/em>, Springer. Pp. 97-104.<\/li>\n<li>Lazega, E. et Lise Mounier, avec la collaboration de Ana Maria Falconi (2007), &#8220;Partage des comp\u00e9tences et des usages du monde des affaires entre juges consulaires au Tribunal de commerce de Paris&#8221;. <a href=\"http:\/\/elazega.fr\/wp-content\/uploads\/2020\/10\/Rapport-TCP-Droit-et-Justice-Lazega-Mounier-avec-AMF-2007.pdf\">Rapport de recherche<\/a> au GIP Mission de recherche Droit et Justice.<\/li>\n<li>Lazega, E., Lemercier, Claire et Mounier Lise (2006), \u201c<strong><a href=\"http:\/\/elazega.fr\/wp-content\/uploads\/2012\/10\/Spinning-top-model.pdf\">A spinning top model of formal structure and informal behaviour: Dynamics of advice networks in a commercial court<\/a><\/strong>\u201c, <em>European Management Review<\/em>, 3:113-122<\/li>\n<li>Falconi, Ana Maria, Karima Guenfoud, E.Lazega, Claire Lemercier, Lise Mounier (2005), \u201c<a href=\"http:\/\/elazega.fr\/wp-content\/uploads\/2012\/10\/ANSO_052_0451.pdf\"><strong>Le Contr\u00f4le social du monde des affaires : une \u00e9tude institutionnelle<\/strong><\/a>\u201c, <em>L\u2019Ann\u00e9e sociologique<\/em>, 55:451-484<\/li>\n<li>Lazega, E. (2004), &#8220;<strong><a href=\"http:\/\/elazega.fr\/wp-content\/uploads\/2022\/03\/Collegialite-relations-dautorite-et-production-de-biens-dapprentissage-Emmanuel-LAZEGA.pdf\">Coll\u00e9gialit\u00e9, relations d\u2019autorit\u00e9 et production de biens d\u2019apprentissage<\/a><\/strong>&#8220;, in Eric Delamotte (ed),<em> Du partage au march\u00e9&nbsp;: regards crois\u00e9 sur la circulation des savoirs<\/em>, Lille, Le Septentrion, pages 39-55<\/li>\n<li>Lazega, E. (2003), \u201c<a href=\"http:\/\/elazega.fr\/wp-content\/uploads\/2018\/12\/Lazega-Oratie-Wiarda-Utrecht-2003.pdf\"><strong>Networks in legal organizations<\/strong><\/a>: On the protection of public interest in joint regulation of markets\u201d, <em>Oratie<\/em> for Wiarda Chair, Wiarda Institute Publications, Faculty of Law, Utrecht University<\/li>\n<li>Lazega, E. et Lise Mounier (2003), avec Ana Maria Falconi, Karima Guenfoud, Claire Lemercier, St\u00e9phanie Vermeersch, &#8220;R\u00e9gulation conjointe et partage des comp\u00e9tences entre les juges du Tribunal de commerce de Paris&#8221;, <a href=\"http:\/\/elazega.fr\/wp-content\/uploads\/2020\/10\/Rapport-TCP-Droit-et-Justice-Lazega-Mounier-avec-AMF-KG-CL-SV-2003.pdf\">Rapport de recherche<\/a> au GIP Mission de recherche Droit et Justice.<\/li>\n<li>Lazega, E. &amp; Mounier, Lise (2003), \u201c<a href=\"http:\/\/elazega.fr\/wp-content\/uploads\/2012\/10\/Interlocking-Judges.pdf\"><strong>Interlocking Judges: On Joint External and Self-Governance of Markets<\/strong><\/a>\u201c, <em>Research in the Sociology of Organizations<\/em>, 20:267-296<\/li>\n<li>Lazega, E. et Lise Mounier (2003), &#8220;La<strong><a href=\"http:\/\/elazega.fr\/wp-content\/uploads\/2019\/03\/R\u00e9gulation-conjointe-du-march\u00e9.pdf\"> R\u00e9gulation conjointe du march\u00e9<\/a><\/strong>: Le cas du Tribunal de Commerce de Paris&#8221;, in Bernard Convert (ed), <em>Repenser le march\u00e9<\/em>, Paris&nbsp;: L\u2019Harmattan, p. 109-137.<\/li>\n<li>Lazega, E. et Mounier, Lise (2003), &#8220;<strong><a href=\"http:\/\/elazega.fr\/wp-content\/uploads\/2019\/03\/Quand-Etat-se-retire.pdf\">Quand l\u2019Etat se retire du contr\u00f4le de l\u2019\u00e9conomie, qui prend le relais ?<\/a><\/strong>&#8220;, in Jean Cr\u00eate (ed.), <em>Hommage \u00e0 Vincent Lemieux&nbsp;: La science politique au Qu\u00e9bec<\/em>, Presses de l\u2019Universit\u00e9 Laval, pages 155-78<\/li>\n<li>Lazega, E. et Lise Mounier (2001), &#8220;Approche organisationnelle et structurale d\u2019un Tribunal de Commerce: Une \u00e9tude de faisabilit\u00e9&#8221;. <a href=\"http:\/\/elazega.fr\/wp-content\/uploads\/2020\/10\/Rapport-TCP-Droit-et-Justice-Lazega-Mounier-2001.pdf\">Rapport de recherche<\/a> au GIP Mission de recherche Droit et Justice.<\/li>\n<\/ol>\n\n\n<p><\/p>\n","protected":false},"excerpt":{"rendered":"<p>Textes publi\u00e9s (articles et chapitres) \u00e0 partir de l\u2019enqu\u00eate 2000-2005 sur le Tribunal de Commerce de Paris, disponibles sous forme de fichiers pdf t\u00e9l\u00e9chargeables: Published texts (articles and chapters) based on the 2000-2005 survey on the Commercial Court of Paris, downloadable as pdf files: Lazega, E. (2024), &#8220;Jugements de pertinence et retournements casuistiques individuels&nbsp;: Approches &#8230; <a title=\"Tribunal de Commerce de Paris \/ Commercial Court of Paris\" class=\"read-more\" href=\"http:\/\/elazega.fr\/?page_id=694\" aria-label=\"More on Tribunal de Commerce de Paris \/ Commercial Court of Paris\">Read more<\/a><\/p>\n","protected":false},"author":1,"featured_media":0,"parent":0,"menu_order":0,"comment_status":"closed","ping_status":"closed","template":"","meta":[],"_links":{"self":[{"href":"http:\/\/elazega.fr\/index.php?rest_route=\/wp\/v2\/pages\/694"}],"collection":[{"href":"http:\/\/elazega.fr\/index.php?rest_route=\/wp\/v2\/pages"}],"about":[{"href":"http:\/\/elazega.fr\/index.php?rest_route=\/wp\/v2\/types\/page"}],"author":[{"embeddable":true,"href":"http:\/\/elazega.fr\/index.php?rest_route=\/wp\/v2\/users\/1"}],"replies":[{"embeddable":true,"href":"http:\/\/elazega.fr\/index.php?rest_route=%2Fwp%2Fv2%2Fcomments&post=694"}],"version-history":[{"count":31,"href":"http:\/\/elazega.fr\/index.php?rest_route=\/wp\/v2\/pages\/694\/revisions"}],"predecessor-version":[{"id":1610,"href":"http:\/\/elazega.fr\/index.php?rest_route=\/wp\/v2\/pages\/694\/revisions\/1610"}],"wp:attachment":[{"href":"http:\/\/elazega.fr\/index.php?rest_route=%2Fwp%2Fv2%2Fmedia&parent=694"}],"curies":[{"name":"wp","href":"https:\/\/api.w.org\/{rel}","templated":true}]}}