{"id":82,"date":"2012-10-25T08:59:53","date_gmt":"2012-10-25T08:59:53","guid":{"rendered":"http:\/\/www.alcrane.fr\/lazega\/?page_id=82"},"modified":"2024-06-05T16:04:25","modified_gmt":"2024-06-05T14:04:25","slug":"livres-books","status":"publish","type":"page","link":"http:\/\/elazega.fr\/?page_id=82","title":{"rendered":"Livres \/ Books"},"content":{"rendered":"SCROLL DOWN\n\nLazega, E. &amp; Mounier, L. avec la collaboration de Falconi, A.M., Lemaire, S. et Tubaro, P. (2024),\n\n<strong><a href=\"http:\/\/elazega.fr\/wp-content\/uploads\/2024\/06\/ElgMS01_tabmat.pdf\">Le Tribunal de commerce de Paris, une institution limite et son capital social<\/a><\/strong>, Paris, Classiques Garnier\n\n<img decoding=\"async\" loading=\"lazy\" class=\"alignnone  wp-image-1580\" src=\"http:\/\/elazega.fr\/wp-content\/uploads\/2024\/06\/ElgMS01b_couv-3-1-200x300.jpg\" alt=\"\" width=\"242\" height=\"363\" srcset=\"http:\/\/elazega.fr\/wp-content\/uploads\/2024\/06\/ElgMS01b_couv-3-1-200x300.jpg 200w, http:\/\/elazega.fr\/wp-content\/uploads\/2024\/06\/ElgMS01b_couv-3-1-683x1024.jpg 683w, http:\/\/elazega.fr\/wp-content\/uploads\/2024\/06\/ElgMS01b_couv-3-1-768x1152.jpg 768w, http:\/\/elazega.fr\/wp-content\/uploads\/2024\/06\/ElgMS01b_couv-3-1-1024x1536.jpg 1024w, http:\/\/elazega.fr\/wp-content\/uploads\/2024\/06\/ElgMS01b_couv-3-1.jpg 1260w\" sizes=\"(max-width: 242px) 100vw, 242px\" \/>\n\nLazega, E, Snijders, T.A.B. &amp; Wittek, R.P.M. (Eds) (2022), <a href=\"https:\/\/www.e-elgar.com\/shop\/gbp\/a-research-agenda-for-social-networks-and-social-resilience-9781803925776.html\"><strong><em>Social Networks and Social Resilience<\/em>,<\/strong><\/a> Cheltenham, UK: Elgar Publishing. <strong><a href=\"http:\/\/elazega.fr\/wp-content\/uploads\/2023\/11\/10.21307_joss-2023-004.pdf\">Review<\/a><\/strong> by Nick Crossley in Journal of Social Structure\n<h5><!-- \/wp:paragraph --> <!-- wp:paragraph --><\/h5>\n<h5><img decoding=\"async\" loading=\"lazy\" class=\"alignnone  wp-image-1389\" src=\"http:\/\/elazega.fr\/wp-content\/uploads\/2022\/11\/SNSR-pic-191x300.jpg\" alt=\"\" width=\"243\" height=\"382\" srcset=\"http:\/\/elazega.fr\/wp-content\/uploads\/2022\/11\/SNSR-pic-191x300.jpg 191w, http:\/\/elazega.fr\/wp-content\/uploads\/2022\/11\/SNSR-pic.jpg 635w\" sizes=\"(max-width: 243px) 100vw, 243px\" \/><\/h5>\n<h5>Lazega, E. (2020), <em><strong>Bureaucracy, Collegiality and Social Change: Redefining Organizations with Multilevel Relational Infrastructures<\/strong><\/em>, Cheltenham: Edward Elgar Publishers. A short presentation of the book available <a href=\"https:\/\/elgar.blog\/2020\/04\/23\/the-importance-of-multilevel-networks-in-society\/\" target=\"_blank\" rel=\"noreferrer noopener\"><strong>here<\/strong><\/a> and its Introduction <a href=\"http:\/\/elazega.fr\/wp-content\/uploads\/2020\/04\/Introduction-Bureaucracy-Collegiality-and-Social-Change-EE-2020.pdf\"><strong>here<\/strong><\/a>.<\/h5>\n<h5><strong><a href=\"http:\/\/elazega.fr\/wp-content\/uploads\/2022\/04\/Grossetti-review-BCSC-RFS-2021.pdf\" data-rich-text-format-boundary=\"true\">Compte rend<\/a>u<\/strong> de Michel Grossetti in RFS, <a href=\"http:\/\/elazega.fr\/wp-content\/uploads\/2022\/04\/Resena-BCSC-REDES-Molina-2022.pdf\"><strong>Rese\u00f1a<\/strong><\/a> de Jos\u00e9 Luis Molina in REDES, <a href=\"http:\/\/elazega.fr\/wp-content\/uploads\/2022\/04\/Book-Review-BCSC-Thornton-ASQ-2021.pdf\"><strong>Review<\/strong><\/a> by Patricia Thornton in ASQ, <a href=\"http:\/\/elazega.fr\/wp-content\/uploads\/2022\/06\/Review-of-Lazega-book-BCSC-by-Bruce-Kogut-AJS-2022.pdf\"><strong>Review<\/strong><\/a> by Bruce Kogut in AJS<\/h5>\n<img decoding=\"async\" loading=\"lazy\" class=\"\" src=\"http:\/\/elazega.fr\/wp-content\/uploads\/2022\/04\/pOhjl0KcC5zzAHq90V0FDf-IubBmm_R6WYyhy6-8NVoNcf3zyxjiKPYSUMWaoFVcIiKl5xJX5CNRenanSCIlc5prqnujbDyCgM2CeAUJWAeB9vmzHDe_t6PILXoq1vQudEWCFP_CiS5jydI1Bl7JPKXQYPhxfcr8-SazwCwxvijR6As0-d-e1-ft.jpg\" width=\"243\" height=\"384\" \/>\n<h5>Al-Amoudi, Ismael and Lazega, E. (Eds)(2019), <em>Post-Human Institutions and Organizations: Confronting the Matrix<\/em>, London: Routledge<\/h5>\n<h5><img decoding=\"async\" loading=\"lazy\" class=\"alignnone  wp-image-1312\" src=\"http:\/\/elazega.fr\/wp-content\/uploads\/2022\/04\/m3u9DwAAQBAJ-200x300.jpg\" alt=\"\" width=\"245\" height=\"368\" srcset=\"http:\/\/elazega.fr\/wp-content\/uploads\/2022\/04\/m3u9DwAAQBAJ-200x300.jpg 200w, http:\/\/elazega.fr\/wp-content\/uploads\/2022\/04\/m3u9DwAAQBAJ.jpg 399w\" sizes=\"(max-width: 245px) 100vw, 245px\" \/><\/h5>\n<h5><\/h5>\n<h5>Gl\u00fcckler, Johannes, Lazega, E. &amp; Hammer, Ingmar (Eds)(2017),\u00a0 <strong><em>Knowledge and networks<\/em><\/strong>,\u00a0 Springer, Knowledge and Space Series, Vol 11.\u00a0\u00a0\u00a0\u00a0\u00a0\u00a0 Open access:<strong> <a href=\"http:\/\/www.springer.com\/us\/book\/9783319450223\">http:\/\/www.springer.com\/us\/book\/9783319450223<\/a><\/strong><\/h5>\n<img decoding=\"async\" loading=\"lazy\" class=\"alignnone  wp-image-1311\" src=\"http:\/\/elazega.fr\/wp-content\/uploads\/2022\/04\/Knowledge-and-Networks-199x300.jpg\" alt=\"\" width=\"248\" height=\"374\" srcset=\"http:\/\/elazega.fr\/wp-content\/uploads\/2022\/04\/Knowledge-and-Networks-199x300.jpg 199w, http:\/\/elazega.fr\/wp-content\/uploads\/2022\/04\/Knowledge-and-Networks-680x1024.jpg 680w, http:\/\/elazega.fr\/wp-content\/uploads\/2022\/04\/Knowledge-and-Networks-768x1156.jpg 768w, http:\/\/elazega.fr\/wp-content\/uploads\/2022\/04\/Knowledge-and-Networks.jpg 797w\" sizes=\"(max-width: 248px) 100vw, 248px\" \/>\n<h5><\/h5>\n<h5>Lazega, E. &amp; Snijders, Tom A.B. (eds)(<strong>2016<\/strong>),\u00a0 <strong><em>Multilevel Network Analysis for the Social Sciences: Theory, Methods and Applications<\/em><\/strong>,\u00a0 Springer, Methodos Series.<strong> <a href=\"http:\/\/elazega.fr\/wp-content\/uploads\/2012\/10\/MLNA-Springer-book-2016.pdf\" target=\"_blank\" rel=\"noopener noreferrer\">Introduction<\/a><\/strong><\/h5>\n<img decoding=\"async\" loading=\"lazy\" class=\"\" src=\"http:\/\/elazega.fr\/wp-content\/uploads\/2023\/10\/Multilevel-book-ELTABS.jpg\" width=\"252\" height=\"378\" \/>\n<h5>Favereau, Olivier &amp; Lazega, E.(eds)(<strong>2002<\/strong>), <strong><em>Conventions and Structures in Economic Organization: Markets, Networks, and Hierarchies<\/em><\/strong>, Cheltenham, Edward Elgar.<strong> <a title=\"Publications and downloads\" href=\"http:\/\/elazega.fr\/wp-content\/uploads\/2012\/10\/Favereau-Lazega-Conventions-and-Structures-2002.pdf\" target=\"_blank\" rel=\"noopener noreferrer\">Introduction<\/a><\/strong><\/h5>\n<img decoding=\"async\" loading=\"lazy\" class=\"alignnone  wp-image-1310\" src=\"http:\/\/elazega.fr\/wp-content\/uploads\/2022\/04\/content.jpg\" alt=\"\" width=\"250\" height=\"385\" \/>\n<h5>Lazega, E. (<strong>2001<\/strong>), <strong><em>The Collegial Phenomenon: The Social Mechanisms of Cooperation Among Peers in a Corporate Law Partnership<\/em><\/strong>, Oxford Univ. Press. <strong><a href=\"http:\/\/elazega.fr\/wp-content\/uploads\/2018\/09\/Lazega-Collegial-Phenomenon.pdf\">Introduction<\/a><\/strong><\/h5>\n<img decoding=\"async\" loading=\"lazy\" class=\"alignnone  wp-image-1309\" src=\"http:\/\/elazega.fr\/wp-content\/uploads\/2022\/04\/9780199242726.jpg\" alt=\"\" width=\"249\" height=\"382\" \/>\n<h5>Lazega, E. (<strong>1998, <\/strong>r\u00e9\u00e9dit\u00e9 en<strong> 2007, 2013<\/strong>), <strong><em>R\u00e9seaux sociaux et structures relationnelles<\/em><\/strong>, Collection Que Sais-Je?, n\u00b0 3399, Presses Universitaires de France. <strong><a href=\"http:\/\/elazega.fr\/wp-content\/uploads\/2018\/05\/Reseaux-sociaux-et-structures-Lazega-Emmanuel.pdf\">Introduction<\/a><\/strong>.<\/h5>\n<h5>Published in Brasil in <strong>2014<\/strong> with Silvio Salej Higgins, <em><strong>Redes Sociais E Estruturas Relacionais<\/strong>, <\/em>Belo Horizonte, Fino Tra\u00e7o Publishing.<\/h5>\n<img decoding=\"async\" loading=\"lazy\" class=\" wp-image-1307\" src=\"http:\/\/elazega.fr\/wp-content\/uploads\/2022\/04\/QSJ-196x300.jpg\" alt=\"\" width=\"248\" height=\"380\" srcset=\"http:\/\/elazega.fr\/wp-content\/uploads\/2022\/04\/QSJ-196x300.jpg 196w, http:\/\/elazega.fr\/wp-content\/uploads\/2022\/04\/QSJ.jpg 522w\" sizes=\"(max-width: 248px) 100vw, 248px\" \/> \u00a0\u00a0\u00a0\u00a0\u00a0\u00a0\u00a0\u00a0 <img decoding=\"async\" loading=\"lazy\" class=\"tile--img__img  js-lazyload\" src=\"https:\/\/external-content.duckduckgo.com\/iu\/?u=https%3A%2F%2Ftse1.mm.bing.net%2Fth%3Fid%3DOIP.oxbQQCUaaiWY04BQs280OgHaLR%26pid%3DApi&amp;f=1\" alt=\"REDES SOCIAIS E ESTRUTURAS RELACIONAIS by Fino Tra\u00e7o ...\" width=\"251\" height=\"382\" data-src=\"\/\/external-content.duckduckgo.com\/iu\/?u=https%3A%2F%2Ftse1.mm.bing.net%2Fth%3Fid%3DOIP.oxbQQCUaaiWY04BQs280OgHaLR%26pid%3DApi&amp;f=1\" \/>\n<h5>Lazega, E. (<strong>1992)<\/strong>, <strong><em>Micropolitics of Knowledge. Communication and Indirect Control in Workgroups<\/em><\/strong>, New York, Aldine-de Gruyter. \u00a0<strong> <a href=\"http:\/\/elazega.fr\/wp-content\/uploads\/2012\/10\/Lazega-Micropolitics-of-Knowledge.pdf\" target=\"_blank\" rel=\"noopener noreferrer\">Introduction<\/a><\/strong><\/h5>\n<img decoding=\"async\" loading=\"lazy\" class=\"alignnone  wp-image-1313\" src=\"http:\/\/elazega.fr\/wp-content\/uploads\/2022\/04\/MPK-181x300.png\" alt=\"\" width=\"249\" height=\"413\" srcset=\"http:\/\/elazega.fr\/wp-content\/uploads\/2022\/04\/MPK-181x300.png 181w, http:\/\/elazega.fr\/wp-content\/uploads\/2022\/04\/MPK.png 522w\" sizes=\"(max-width: 249px) 100vw, 249px\" \/>\n<h5>Kellerhals, Jean, Troutot, Pierre-Yves &amp; Lazega, E. (<strong>1984<\/strong>), <strong><em>Microsociologie de la famille<\/em><\/strong>, Collection QSJ?, Paris, Presses Universitaires de France.<\/h5>\n<!-- wp:image {\"width\":245,\"height\":374} -->\n<figure class=\"wp-block-image is-resized\"><img decoding=\"async\" loading=\"lazy\" src=\"https:\/\/pictures.abebooks.com\/isbn\/9782130457930-fr.jpg\" alt=\"9782130457930: MICROSOCIOLOGIE DE LA FAMILLE. 2\u00e8me \u00e9dition\" width=\"245\" height=\"374\" \/><\/figure>\n<!-- \/wp:image -->\n\n<!-- wp:paragraph -->\n\n<!-- \/wp:paragraph -->","protected":false},"excerpt":{"rendered":"<p>SCROLL DOWN Lazega, E. &amp; Mounier, L. avec la collaboration de Falconi, A.M., Lemaire, S. et Tubaro, P. (2024), Le Tribunal de commerce de Paris, une institution limite et son capital social, Paris, Classiques Garnier Lazega, E, Snijders, T.A.B. &amp; Wittek, R.P.M. (Eds) (2022), Social Networks and Social Resilience, Cheltenham, UK: Elgar Publishing. Review by &#8230; <a title=\"Livres \/ Books\" class=\"read-more\" href=\"http:\/\/elazega.fr\/?page_id=82\" aria-label=\"More on Livres \/ Books\">Read more<\/a><\/p>\n","protected":false},"author":2,"featured_media":0,"parent":80,"menu_order":0,"comment_status":"closed","ping_status":"open","template":"","meta":[],"_links":{"self":[{"href":"http:\/\/elazega.fr\/index.php?rest_route=\/wp\/v2\/pages\/82"}],"collection":[{"href":"http:\/\/elazega.fr\/index.php?rest_route=\/wp\/v2\/pages"}],"about":[{"href":"http:\/\/elazega.fr\/index.php?rest_route=\/wp\/v2\/types\/page"}],"author":[{"embeddable":true,"href":"http:\/\/elazega.fr\/index.php?rest_route=\/wp\/v2\/users\/2"}],"replies":[{"embeddable":true,"href":"http:\/\/elazega.fr\/index.php?rest_route=%2Fwp%2Fv2%2Fcomments&post=82"}],"version-history":[{"count":46,"href":"http:\/\/elazega.fr\/index.php?rest_route=\/wp\/v2\/pages\/82\/revisions"}],"predecessor-version":[{"id":1600,"href":"http:\/\/elazega.fr\/index.php?rest_route=\/wp\/v2\/pages\/82\/revisions\/1600"}],"up":[{"embeddable":true,"href":"http:\/\/elazega.fr\/index.php?rest_route=\/wp\/v2\/pages\/80"}],"wp:attachment":[{"href":"http:\/\/elazega.fr\/index.php?rest_route=%2Fwp%2Fv2%2Fmedia&parent=82"}],"curies":[{"name":"wp","href":"https:\/\/api.w.org\/{rel}","templated":true}]}}