{"id":86,"date":"2012-10-25T09:02:30","date_gmt":"2012-10-25T09:02:30","guid":{"rendered":"http:\/\/www.alcrane.fr\/lazega\/?page_id=86"},"modified":"2024-07-12T19:07:30","modified_gmt":"2024-07-12T17:07:30","slug":"numeros-speciaux-special-issues","status":"publish","type":"page","link":"http:\/\/elazega.fr\/?page_id=86","title":{"rendered":"Num\u00e9ros sp\u00e9ciaux \/ Special issues"},"content":{"rendered":"<p><strong>Duran, Patrice et Lazega, Emmanuel<\/strong> (eds)(<strong>2016<\/strong>), Coordination du num\u00e9ro sp\u00e9cial de l\u2019<em>Ann\u00e9e Sociologique<\/em> sur la sociologie contemporaine des organisations et de la coordination<\/p>\n<p><strong>Lazega, Emmanuel, Mounier, Lise et Snijders, Tom (2008)<\/strong>, Coordination du num\u00e9ro sp\u00e9cial de la <em>Revue Fran\u00e7aise de Sociologie<\/em>, intitul\u00e9 &#8220;Dynamique des r\u00e9seaux sociaux&#8221;, vol. 49-3. cover<\/p>\n<p><strong>Conein, Bernard, Ferrand, Alexis et Lazega, Emmanuel (2004)<\/strong>, Coordination du num\u00e9ro sp\u00e9cial de la revue <em>Recherches sociologiques<\/em> (Bruxelles), &#8220;Connaissances et relations sociales&#8221;.<\/p>\n<p><strong>Lazega, Emmanuel (1995)<\/strong>, Coordination du num\u00e9ro sp\u00e9cial de la <em>Revue Fran\u00e7aise de Sociologie<\/em>, intitul\u00e9 &#8220;Analyses de r\u00e9seaux et structures relationnelles&#8221;, vol. 36.<\/p>\n","protected":false},"excerpt":{"rendered":"<p>Duran, Patrice et Lazega, Emmanuel (eds)(2016), Coordination du num\u00e9ro sp\u00e9cial de l\u2019Ann\u00e9e Sociologique sur la sociologie contemporaine des organisations et de la coordination Lazega, Emmanuel, Mounier, Lise et Snijders, Tom (2008), Coordination du num\u00e9ro sp\u00e9cial de la Revue Fran\u00e7aise de Sociologie, intitul\u00e9 &#8220;Dynamique des r\u00e9seaux sociaux&#8221;, vol. 49-3. cover Conein, Bernard, Ferrand, Alexis et Lazega, &#8230; <a title=\"Num\u00e9ros sp\u00e9ciaux \/ Special issues\" class=\"read-more\" href=\"http:\/\/elazega.fr\/?page_id=86\" aria-label=\"More on Num\u00e9ros sp\u00e9ciaux \/ Special issues\">Read more<\/a><\/p>\n","protected":false},"author":2,"featured_media":0,"parent":80,"menu_order":0,"comment_status":"closed","ping_status":"open","template":"","meta":{"footnotes":""},"_links":{"self":[{"href":"http:\/\/elazega.fr\/index.php?rest_route=\/wp\/v2\/pages\/86"}],"collection":[{"href":"http:\/\/elazega.fr\/index.php?rest_route=\/wp\/v2\/pages"}],"about":[{"href":"http:\/\/elazega.fr\/index.php?rest_route=\/wp\/v2\/types\/page"}],"author":[{"embeddable":true,"href":"http:\/\/elazega.fr\/index.php?rest_route=\/wp\/v2\/users\/2"}],"replies":[{"embeddable":true,"href":"http:\/\/elazega.fr\/index.php?rest_route=%2Fwp%2Fv2%2Fcomments&post=86"}],"version-history":[{"count":2,"href":"http:\/\/elazega.fr\/index.php?rest_route=\/wp\/v2\/pages\/86\/revisions"}],"predecessor-version":[{"id":1612,"href":"http:\/\/elazega.fr\/index.php?rest_route=\/wp\/v2\/pages\/86\/revisions\/1612"}],"up":[{"embeddable":true,"href":"http:\/\/elazega.fr\/index.php?rest_route=\/wp\/v2\/pages\/80"}],"wp:attachment":[{"href":"http:\/\/elazega.fr\/index.php?rest_route=%2Fwp%2Fv2%2Fmedia&parent=86"}],"curies":[{"name":"wp","href":"https:\/\/api.w.org\/{rel}","templated":true}]}}